{"id":328,"date":"2023-07-31T13:29:45","date_gmt":"2023-07-31T13:29:45","guid":{"rendered":"https:\/\/werkteam.ch\/wt\/?page_id=328"},"modified":"2024-04-11T10:02:01","modified_gmt":"2024-04-11T10:02:01","slug":"buero","status":"publish","type":"page","link":"https:\/\/werkteam.ch\/wt\/index.php\/buero\/","title":{"rendered":"B\u00fcro"},"content":{"rendered":"\n<iframe src=\"https:\/\/www.google.com\/maps\/embed\/v1\/place?key=AIzaSyCA4FKErXUykiZfCGz3PXYzvCLlE6f_UJ4&#038;q=werkteamarchitekten\"\n  width=\"100%\" height=\"700px\"\n  style=\"border:0;\"\n  loading=\"lazy\">\n<\/iframe>\n\n\n\n<div class=\"wp-block-columns is-layout-flex wp-container-7 wp-block-columns-is-layout-flex\">\n<div class=\"wp-block-column is-layout-flow wp-block-column-is-layout-flow\" style=\"flex-basis:50px\"><\/div>\n\n\n\n<div class=\"wp-block-column is-layout-flow wp-block-column-is-layout-flow\">\n<\/br>\n\n\n\n<h3 class=\"wp-block-heading\">B\u00fcro<\/h3>\n\n\n\n<p style=\"font-style:normal;font-weight:100\">Die werkteam architekten ag ist ein Unternehmen mit Sitz in Volketswil ZH, dessen Partner und Mitarbeiter \u00fcber eine solide Ausbildung und langj\u00e4hrige Berufserfahrung verf\u00fcgen. Seit der Gr\u00fcndung im 1999 beraten wir Kunden in allen Fragen der Planungs- und Baut\u00e4tigkeit und begleiten sie vom Entwurf bis zum fertigen Werk. Als dynamischer und verl\u00e4sslicher Partner h\u00f6ren wir unseren Kunden zu und ergr\u00fcnden in engagierter Auseinandersetzung ihre inneren Bilder und schaffen die Grundlage zur Kreation des Individuellen. <\/p>\n\n\n\n<\/br>\n\n\n\n<div class=\"wp-block-columns is-layout-flex wp-container-4 wp-block-columns-is-layout-flex\">\n<div class=\"wp-block-column is-layout-flow wp-block-column-is-layout-flow\">\n<p style=\"font-style:normal;font-weight:500\">Unsere Anschrift | Kontakt<\/p>\n\n\n\n<ul>\n<li style=\"font-style:normal;font-weight:100\">werkteam architekten ag<\/li>\n\n\n\n<li style=\"font-style:normal;font-weight:100\">Brugglenstrasse 2c<\/li>\n\n\n\n<li style=\"font-style:normal;font-weight:100\">CH-8604 Volketswil<\/li>\n<\/ul>\n\n\n\n<p><\/p>\n\n\n\n<ul>\n<li style=\"font-style:normal;font-weight:100\">044 997 45 25<\/li>\n\n\n\n<li style=\"font-style:normal;font-weight:100\">info@werkteam.ch<\/li>\n<\/ul>\n<\/div>\n\n\n\n<div class=\"wp-block-column is-layout-flow wp-block-column-is-layout-flow\">\n<p style=\"font-style:normal;font-weight:500\">Unsere Leistungen<\/p>\n\n\n\n<ul>\n<li style=\"font-style:normal;font-weight:100\">Studien und Wettbewerbe<\/li>\n\n\n\n<li style=\"font-style:normal;font-weight:100\">Konzepterarbeitung und Entwurf <\/li>\n\n\n\n<li style=\"font-style:normal;font-weight:100\">Projektierung und Bewilligungsverfahren<\/li>\n\n\n\n<li style=\"font-style:normal;font-weight:100\">Ausf\u00fchrungsplanung<\/li>\n\n\n\n<li style=\"font-style:normal;font-weight:100\">Kostenermittlung und -management<\/li>\n\n\n\n<li style=\"font-style:normal;font-weight:100\">Bauleitung und Baubegleitung<\/li>\n\n\n\n<li style=\"font-style:normal;font-weight:100\">Immobilienverwaltung, -verkauf und -vermietung<\/li>\n<\/ul>\n<\/div>\n<\/div>\n<\/div>\n\n\n\n<div class=\"wp-block-column is-layout-flow wp-block-column-is-layout-flow\" style=\"flex-basis:50px\"><\/div>\n<\/div>\n\n\n\n<div class=\"wp-block-columns is-layout-flex wp-container-14 wp-block-columns-is-layout-flex\">\n<div class=\"wp-block-column is-layout-flow wp-block-column-is-layout-flow\" style=\"flex-basis:50px\"><\/div>\n\n\n\n<div class=\"wp-block-column is-layout-flow wp-block-column-is-layout-flow\">\n<h3 class=\"wp-block-heading\">Impressum<\/h3>\n\n\n\n<div class=\"wp-block-columns is-layout-flex wp-container-11 wp-block-columns-is-layout-flex\">\n<div class=\"wp-block-column is-layout-flow wp-block-column-is-layout-flow\">\n<p style=\"font-style:normal;font-weight:500\">Konzept | Design |&nbsp;Programmierung<\/p>\n\n\n\n<ul>\n<li style=\"font-style:normal;font-weight:100\">werkteam architekten ag<\/li>\n\n\n\n<li style=\"font-style:normal;font-weight:100\">Brugglenstrasse 2c<\/li>\n\n\n\n<li style=\"font-style:normal;font-weight:100\">CH-8604 Volketswil<\/li>\n<\/ul>\n\n\n\n<p><\/p>\n\n\n\n<ul>\n<li style=\"font-style:normal;font-weight:100\">044 997 45 25<\/li>\n\n\n\n<li style=\"font-style:normal;font-weight:100\">info@werkteam.ch<\/li>\n<\/ul>\n<\/div>\n\n\n\n<div class=\"wp-block-column is-layout-flow wp-block-column-is-layout-flow\">\n<p style=\"font-style:normal;font-weight:500\">Fotografien<\/p>\n\n\n\n<ul>\n<li style=\"font-style:normal;font-weight:100\"><a href=\"http:\/\/www.debby-fotografie.ch\" target=\"_blank\" rel=\"noreferrer noopener\">Debby Fotografie<\/a><\/li>\n\n\n\n<li style=\"font-style:normal;font-weight:100\"><a href=\"http:\/\/www.odermatt-photography.com\" target=\"_blank\" rel=\"noreferrer noopener\">Odermatt Photography<\/a><\/li>\n\n\n\n<li style=\"font-style:normal;font-weight:100\"><a href=\"http:\/\/www.photoworkers.ch\" target=\"_blank\" rel=\"noreferrer noopener\">Photoworkers<\/a><\/li>\n<\/ul>\n<\/div>\n<\/div>\n<\/div>\n\n\n\n<div class=\"wp-block-column is-layout-flow wp-block-column-is-layout-flow\" style=\"flex-basis:50px\"><\/div>\n<\/div>\n","protected":false},"excerpt":{"rendered":"<p>B\u00fcro Die werkteam architekten ag ist ein Unternehmen mit Sitz in Volketswil ZH, dessen Partner und Mitarbeiter \u00fcber eine solide Ausbildung und langj\u00e4hrige Berufserfahrung verf\u00fcgen. Seit der Gr\u00fcndung im 1999 beraten wir Kunden in allen Fragen der Planungs- und Baut\u00e4tigkeit und begleiten sie vom Entwurf bis zum fertigen Werk. Als dynamischer und verl\u00e4sslicher Partner h\u00f6ren &hellip; <\/p>\n<p class=\"link-more\"><a href=\"https:\/\/werkteam.ch\/wt\/index.php\/buero\/\" class=\"more-link\">Mehr <span class=\"screen-reader-text\">\u00fcber &#8222;B\u00fcro&#8220; <\/span>Lesen<\/a><\/p>\n","protected":false},"author":1,"featured_media":0,"parent":0,"menu_order":0,"comment_status":"closed","ping_status":"closed","template":"page-templates\/full-width-transparent.php","meta":{"om_disable_all_campaigns":false,"_mi_skip_tracking":false,"_monsterinsights_sitenote_active":false,"_monsterinsights_sitenote_note":"","_monsterinsights_sitenote_category":0,"footnotes":""},"aioseo_notices":[],"yoast_head":"<!-- This site is optimized with the Yoast SEO plugin v21.0 - https:\/\/yoast.com\/wordpress\/plugins\/seo\/ -->\n<title>B\u00fcro - werkteam architekten ag<\/title>\n<meta name=\"robots\" content=\"noindex, follow, max-snippet:-1, max-image-preview:large, max-video-preview:-1\" \/>\n<meta property=\"og:locale\" content=\"de_DE\" \/>\n<meta property=\"og:type\" content=\"article\" \/>\n<meta property=\"og:title\" content=\"B\u00fcro - werkteam architekten ag\" \/>\n<meta property=\"og:description\" content=\"B\u00fcro Die werkteam architekten ag ist ein Unternehmen mit Sitz in Volketswil ZH, dessen Partner und Mitarbeiter \u00fcber eine solide Ausbildung und langj\u00e4hrige Berufserfahrung verf\u00fcgen. Seit der Gr\u00fcndung im 1999 beraten wir Kunden in allen Fragen der Planungs- und Baut\u00e4tigkeit und begleiten sie vom Entwurf bis zum fertigen Werk. Als dynamischer und verl\u00e4sslicher Partner h\u00f6ren &hellip; Mehr \u00fcber &quot;B\u00fcro&quot; Lesen\" \/>\n<meta property=\"og:url\" content=\"https:\/\/werkteam.ch\/wt\/index.php\/buero\/\" \/>\n<meta property=\"og:site_name\" content=\"werkteam architekten ag\" \/>\n<meta property=\"article:modified_time\" content=\"2024-04-11T10:02:01+00:00\" \/>\n<meta name=\"twitter:card\" content=\"summary_large_image\" \/>\n<meta name=\"twitter:label1\" content=\"Gesch\u00e4tzte Lesezeit\" \/>\n\t<meta name=\"twitter:data1\" content=\"1\u00a0Minute\" \/>\n<script type=\"application\/ld+json\" class=\"yoast-schema-graph\">{\"@context\":\"https:\/\/schema.org\",\"@graph\":[{\"@type\":\"WebPage\",\"@id\":\"https:\/\/werkteam.ch\/wt\/index.php\/buero\/\",\"url\":\"https:\/\/werkteam.ch\/wt\/index.php\/buero\/\",\"name\":\"B\u00fcro - werkteam architekten ag\",\"isPartOf\":{\"@id\":\"https:\/\/werkteam.ch\/wt\/#website\"},\"datePublished\":\"2023-07-31T13:29:45+00:00\",\"dateModified\":\"2024-04-11T10:02:01+00:00\",\"breadcrumb\":{\"@id\":\"https:\/\/werkteam.ch\/wt\/index.php\/buero\/#breadcrumb\"},\"inLanguage\":\"de\",\"potentialAction\":[{\"@type\":\"ReadAction\",\"target\":[\"https:\/\/werkteam.ch\/wt\/index.php\/buero\/\"]}]},{\"@type\":\"BreadcrumbList\",\"@id\":\"https:\/\/werkteam.ch\/wt\/index.php\/buero\/#breadcrumb\",\"itemListElement\":[{\"@type\":\"ListItem\",\"position\":1,\"name\":\"Startseite\",\"item\":\"https:\/\/werkteam.ch\/wt\/\"},{\"@type\":\"ListItem\",\"position\":2,\"name\":\"B\u00fcro\"}]},{\"@type\":\"WebSite\",\"@id\":\"https:\/\/werkteam.ch\/wt\/#website\",\"url\":\"https:\/\/werkteam.ch\/wt\/\",\"name\":\"werkteam architekten ag\",\"description\":\"\",\"publisher\":{\"@id\":\"https:\/\/werkteam.ch\/wt\/#organization\"},\"potentialAction\":[{\"@type\":\"SearchAction\",\"target\":{\"@type\":\"EntryPoint\",\"urlTemplate\":\"https:\/\/werkteam.ch\/wt\/?s={search_term_string}\"},\"query-input\":\"required name=search_term_string\"}],\"inLanguage\":\"de\"},{\"@type\":\"Organization\",\"@id\":\"https:\/\/werkteam.ch\/wt\/#organization\",\"name\":\"werkteam architekten ag\",\"url\":\"https:\/\/werkteam.ch\/wt\/\",\"logo\":{\"@type\":\"ImageObject\",\"inLanguage\":\"de\",\"@id\":\"https:\/\/werkteam.ch\/wt\/#\/schema\/logo\/image\/\",\"url\":\"https:\/\/i0.wp.com\/werkteam.ch\/wt\/wp-content\/uploads\/2022\/12\/werkteam_logo.png?fit=1500%2C176&ssl=1\",\"contentUrl\":\"https:\/\/i0.wp.com\/werkteam.ch\/wt\/wp-content\/uploads\/2022\/12\/werkteam_logo.png?fit=1500%2C176&ssl=1\",\"width\":1500,\"height\":176,\"caption\":\"werkteam architekten ag\"},\"image\":{\"@id\":\"https:\/\/werkteam.ch\/wt\/#\/schema\/logo\/image\/\"}}]}<\/script>\n<!-- \/ Yoast SEO plugin. -->","yoast_head_json":{"title":"B\u00fcro - werkteam architekten ag","robots":{"index":"noindex","follow":"follow","max-snippet":"max-snippet:-1","max-image-preview":"max-image-preview:large","max-video-preview":"max-video-preview:-1"},"og_locale":"de_DE","og_type":"article","og_title":"B\u00fcro - werkteam architekten ag","og_description":"B\u00fcro Die werkteam architekten ag ist ein Unternehmen mit Sitz in Volketswil ZH, dessen Partner und Mitarbeiter \u00fcber eine solide Ausbildung und langj\u00e4hrige Berufserfahrung verf\u00fcgen. Seit der Gr\u00fcndung im 1999 beraten wir Kunden in allen Fragen der Planungs- und Baut\u00e4tigkeit und begleiten sie vom Entwurf bis zum fertigen Werk. Als dynamischer und verl\u00e4sslicher Partner h\u00f6ren &hellip; Mehr \u00fcber \"B\u00fcro\" Lesen","og_url":"https:\/\/werkteam.ch\/wt\/index.php\/buero\/","og_site_name":"werkteam architekten ag","article_modified_time":"2024-04-11T10:02:01+00:00","twitter_card":"summary_large_image","twitter_misc":{"Gesch\u00e4tzte Lesezeit":"1\u00a0Minute"},"schema":{"@context":"https:\/\/schema.org","@graph":[{"@type":"WebPage","@id":"https:\/\/werkteam.ch\/wt\/index.php\/buero\/","url":"https:\/\/werkteam.ch\/wt\/index.php\/buero\/","name":"B\u00fcro - werkteam architekten ag","isPartOf":{"@id":"https:\/\/werkteam.ch\/wt\/#website"},"datePublished":"2023-07-31T13:29:45+00:00","dateModified":"2024-04-11T10:02:01+00:00","breadcrumb":{"@id":"https:\/\/werkteam.ch\/wt\/index.php\/buero\/#breadcrumb"},"inLanguage":"de","potentialAction":[{"@type":"ReadAction","target":["https:\/\/werkteam.ch\/wt\/index.php\/buero\/"]}]},{"@type":"BreadcrumbList","@id":"https:\/\/werkteam.ch\/wt\/index.php\/buero\/#breadcrumb","itemListElement":[{"@type":"ListItem","position":1,"name":"Startseite","item":"https:\/\/werkteam.ch\/wt\/"},{"@type":"ListItem","position":2,"name":"B\u00fcro"}]},{"@type":"WebSite","@id":"https:\/\/werkteam.ch\/wt\/#website","url":"https:\/\/werkteam.ch\/wt\/","name":"werkteam architekten ag","description":"","publisher":{"@id":"https:\/\/werkteam.ch\/wt\/#organization"},"potentialAction":[{"@type":"SearchAction","target":{"@type":"EntryPoint","urlTemplate":"https:\/\/werkteam.ch\/wt\/?s={search_term_string}"},"query-input":"required name=search_term_string"}],"inLanguage":"de"},{"@type":"Organization","@id":"https:\/\/werkteam.ch\/wt\/#organization","name":"werkteam architekten ag","url":"https:\/\/werkteam.ch\/wt\/","logo":{"@type":"ImageObject","inLanguage":"de","@id":"https:\/\/werkteam.ch\/wt\/#\/schema\/logo\/image\/","url":"https:\/\/i0.wp.com\/werkteam.ch\/wt\/wp-content\/uploads\/2022\/12\/werkteam_logo.png?fit=1500%2C176&ssl=1","contentUrl":"https:\/\/i0.wp.com\/werkteam.ch\/wt\/wp-content\/uploads\/2022\/12\/werkteam_logo.png?fit=1500%2C176&ssl=1","width":1500,"height":176,"caption":"werkteam architekten ag"},"image":{"@id":"https:\/\/werkteam.ch\/wt\/#\/schema\/logo\/image\/"}}]}},"_links":{"self":[{"href":"https:\/\/werkteam.ch\/wt\/index.php\/wp-json\/wp\/v2\/pages\/328"}],"collection":[{"href":"https:\/\/werkteam.ch\/wt\/index.php\/wp-json\/wp\/v2\/pages"}],"about":[{"href":"https:\/\/werkteam.ch\/wt\/index.php\/wp-json\/wp\/v2\/types\/page"}],"author":[{"embeddable":true,"href":"https:\/\/werkteam.ch\/wt\/index.php\/wp-json\/wp\/v2\/users\/1"}],"replies":[{"embeddable":true,"href":"https:\/\/werkteam.ch\/wt\/index.php\/wp-json\/wp\/v2\/comments?post=328"}],"version-history":[{"count":79,"href":"https:\/\/werkteam.ch\/wt\/index.php\/wp-json\/wp\/v2\/pages\/328\/revisions"}],"predecessor-version":[{"id":549,"href":"https:\/\/werkteam.ch\/wt\/index.php\/wp-json\/wp\/v2\/pages\/328\/revisions\/549"}],"wp:attachment":[{"href":"https:\/\/werkteam.ch\/wt\/index.php\/wp-json\/wp\/v2\/media?parent=328"}],"curies":[{"name":"wp","href":"https:\/\/api.w.org\/{rel}","templated":true}]}}